{"id":1324,"date":"2026-01-13T13:41:31","date_gmt":"2026-01-13T12:41:31","guid":{"rendered":"https:\/\/www.nordicagrosummit.se\/cookies\/"},"modified":"2026-04-01T16:18:36","modified_gmt":"2026-04-01T14:18:36","slug":"cookies","status":"publish","type":"page","link":"https:\/\/www.nordicagrosummit.se\/en\/cookies\/","title":{"rendered":"Cookies"},"content":{"rendered":"\t\t<div data-elementor-type=\"wp-page\" data-elementor-id=\"1324\" class=\"elementor elementor-1324 elementor-219\" data-elementor-post-type=\"page\">\n\t\t\t\t\t\t<section class=\"elementor-section elementor-top-section elementor-element elementor-element-53626c0 elementor-section-boxed elementor-section-height-default elementor-section-height-default\" data-id=\"53626c0\" data-element_type=\"section\" data-settings=\"{&quot;animation&quot;:&quot;none&quot;}\">\n\t\t\t\t\t\t<div class=\"elementor-container elementor-column-gap-default\">\n\t\t\t\t\t<div class=\"elementor-column elementor-col-100 elementor-top-column elementor-element elementor-element-cc44bc0\" data-id=\"cc44bc0\" data-element_type=\"column\">\n\t\t\t<div class=\"elementor-widget-wrap elementor-element-populated\">\n\t\t\t\t\t\t<section class=\"elementor-section elementor-inner-section elementor-element elementor-element-1b785f0 elementor-section-full_width elementor-section-height-default elementor-section-height-default\" data-id=\"1b785f0\" data-element_type=\"section\">\n\t\t\t\t\t\t<div class=\"elementor-container elementor-column-gap-default\">\n\t\t\t\t\t<div class=\"elementor-column elementor-col-50 elementor-inner-column elementor-element elementor-element-3df44ca\" data-id=\"3df44ca\" data-element_type=\"column\">\n\t\t\t<div class=\"elementor-widget-wrap elementor-element-populated\">\n\t\t\t\t\t\t<div class=\"elementor-element elementor-element-9571e95 elementor-view-default elementor-widget elementor-widget-icon\" data-id=\"9571e95\" data-element_type=\"widget\" data-widget_type=\"icon.default\">\n\t\t\t\t\t\t\t<div class=\"elementor-icon-wrapper\">\n\t\t\t<div class=\"elementor-icon\">\n\t\t\t<svg aria-hidden=\"true\" class=\"e-font-icon-svg e-fas-cookie-bite\" viewBox=\"0 0 512 512\" xmlns=\"http:\/\/www.w3.org\/2000\/svg\"><path d=\"M510.52 255.82c-69.97-.85-126.47-57.69-126.47-127.86-70.17 0-127-56.49-127.86-126.45-27.26-4.14-55.13.3-79.72 12.82l-69.13 35.22a132.221 132.221 0 0 0-57.79 57.81l-35.1 68.88a132.645 132.645 0 0 0-12.82 80.95l12.08 76.27a132.521 132.521 0 0 0 37.16 72.96l54.77 54.76a132.036 132.036 0 0 0 72.71 37.06l76.71 12.15c27.51 4.36 55.7-.11 80.53-12.76l69.13-35.21a132.273 132.273 0 0 0 57.79-57.81l35.1-68.88c12.56-24.64 17.01-52.58 12.91-79.91zM176 368c-17.67 0-32-14.33-32-32s14.33-32 32-32 32 14.33 32 32-14.33 32-32 32zm32-160c-17.67 0-32-14.33-32-32s14.33-32 32-32 32 14.33 32 32-14.33 32-32 32zm160 128c-17.67 0-32-14.33-32-32s14.33-32 32-32 32 14.33 32 32-14.33 32-32 32z\"><\/path><\/svg>\t\t\t<\/div>\n\t\t<\/div>\n\t\t\t\t\t\t<\/div>\n\t\t\t\t\t<\/div>\n\t\t<\/div>\n\t\t\t\t<div class=\"elementor-column elementor-col-50 elementor-inner-column elementor-element elementor-element-692dff7\" data-id=\"692dff7\" data-element_type=\"column\">\n\t\t\t<div class=\"elementor-widget-wrap elementor-element-populated\">\n\t\t\t\t\t\t<div class=\"elementor-element elementor-element-001340e elementor-widget elementor-widget-heading\" data-id=\"001340e\" data-element_type=\"widget\" data-widget_type=\"heading.default\">\n\t\t\t\t\t<h1 class=\"elementor-heading-title elementor-size-default\">COOKIE POLICY<\/h1>\t\t\t\t<\/div>\n\t\t\t\t\t<\/div>\n\t\t<\/div>\n\t\t\t\t\t<\/div>\n\t\t<\/section>\n\t\t\t\t<div class=\"elementor-element elementor-element-36ddd73 elementor-widget elementor-widget-text-editor\" data-id=\"36ddd73\" data-element_type=\"widget\" data-widget_type=\"text-editor.default\">\n\t\t\t\t\t\t\t\t\t<p>The cookies that we use collect information about your use of the websites and store the information in your device. We do this to ensure our sites function satisfactorily and are easy to use, to enhance your user experience, and present you with relevant offers.<\/p>\n\t\t\t\t\t\t\t\t<\/div>\n\t\t\t\t<div class=\"elementor-element elementor-element-697de59 elementor-widget elementor-widget-heading\" data-id=\"697de59\" data-element_type=\"widget\" data-widget_type=\"heading.default\">\n\t\t\t\t\t<h2 class=\"elementor-heading-title elementor-size-default\">Your consent is needed<\/h2>\t\t\t\t<\/div>\n\t\t\t\t<div class=\"elementor-element elementor-element-9f00158 elementor-widget elementor-widget-text-editor\" data-id=\"9f00158\" data-element_type=\"widget\" data-widget_type=\"text-editor.default\">\n\t\t\t\t\t\t\t\t\t<p>You decide whether you want to accept cookies on your device or not. Your consent is required for the use of all cookies; this does not include cookies that are necessary to enable the service that you as a user have requested. You give your consent by continuing to use our sites. If you do not agree to use our cookies, or if you previously approved our use and have changed your mind, you may change your cookie settings at any time.<\/p>\n\t\t\t\t\t\t\t\t<\/div>\n\t\t\t\t<div class=\"elementor-element elementor-element-f494480 elementor-widget elementor-widget-heading\" data-id=\"f494480\" data-element_type=\"widget\" data-widget_type=\"heading.default\">\n\t\t\t\t\t<h2 class=\"elementor-heading-title elementor-size-default\">What is cookies?<\/h2>\t\t\t\t<\/div>\n\t\t\t\t<div class=\"elementor-element elementor-element-5744767 elementor-widget elementor-widget-text-editor\" data-id=\"5744767\" data-element_type=\"widget\" data-widget_type=\"text-editor.default\">\n\t\t\t\t\t\t\t\t\t<p>A cookie is a small text file that is stored in your browser when connected to a website. Certain types of cookies are necessary to ensure that our websites function properly and are easy to use. Other types of cookies are used to obtain information about your activity when visiting our websites.<\/p>\n\t\t\t\t\t\t\t\t<\/div>\n\t\t\t\t<div class=\"elementor-element elementor-element-b727dc2 elementor-widget elementor-widget-n-accordion\" data-id=\"b727dc2\" data-element_type=\"widget\" data-settings=\"{&quot;default_state&quot;:&quot;expanded&quot;,&quot;max_items_expended&quot;:&quot;one&quot;,&quot;n_accordion_animation_duration&quot;:{&quot;unit&quot;:&quot;ms&quot;,&quot;size&quot;:400,&quot;sizes&quot;:[]}}\" data-widget_type=\"nested-accordion.default\">\n\t\t\t\t\t\t\t<div class=\"e-n-accordion\" aria-label=\"Accordion. Open links with Enter or Space, close with Escape, and navigate with Arrow Keys\">\n\t\t\t\t\t\t<details id=\"e-n-accordion-item-1920\" class=\"e-n-accordion-item\" open>\n\t\t\t\t<summary class=\"e-n-accordion-item-title\" data-accordion-index=\"1\" tabindex=\"0\" aria-expanded=\"true\" aria-controls=\"e-n-accordion-item-1920\" >\n\t\t\t\t\t<span class='e-n-accordion-item-title-header'><div class=\"e-n-accordion-item-title-text\"> COOKIES POLICY  EASYFAIRS GROUP &amp; AFFILIATE ENTITIES <\/div><\/span>\n\t\t\t\t\t\t\t<span class='e-n-accordion-item-title-icon'>\n\t\t\t<span class='e-opened' ><svg aria-hidden=\"true\" class=\"e-font-icon-svg e-fas-caret-down\" viewBox=\"0 0 320 512\" xmlns=\"http:\/\/www.w3.org\/2000\/svg\"><path d=\"M31.3 192h257.3c17.8 0 26.7 21.5 14.1 34.1L174.1 354.8c-7.8 7.8-20.5 7.8-28.3 0L17.2 226.1C4.6 213.5 13.5 192 31.3 192z\"><\/path><\/svg><\/span>\n\t\t\t<span class='e-closed'><svg aria-hidden=\"true\" class=\"e-font-icon-svg e-fas-caret-right\" viewBox=\"0 0 192 512\" xmlns=\"http:\/\/www.w3.org\/2000\/svg\"><path d=\"M0 384.662V127.338c0-17.818 21.543-26.741 34.142-14.142l128.662 128.662c7.81 7.81 7.81 20.474 0 28.284L34.142 398.804C21.543 411.404 0 402.48 0 384.662z\"><\/path><\/svg><\/span>\n\t\t<\/span>\n\n\t\t\t\t\t\t<\/summary>\n\t\t\t\t<div role=\"region\" aria-labelledby=\"e-n-accordion-item-1920\" class=\"elementor-element elementor-element-5895df7 e-con-full e-flex e-con e-child\" data-id=\"5895df7\" data-element_type=\"container\">\n\t\t\t\t<div class=\"elementor-element elementor-element-fa565c2 elementor-widget elementor-widget-text-editor\" data-id=\"fa565c2\" data-element_type=\"widget\" data-widget_type=\"text-editor.default\">\n\t\t\t\t\t\t\t\t\t<p>Introduction<\/p>\n<ul>\n<li>Easyfairs International SA\/NV is the parent company of a group of undertakings, active in the organisation of live events and exhibitions and venue management.<\/li>\n<li>Easyfairs International SA\/NV and its affiliated entities take the protection of their clients\u2019 (exhibitors, attendees, visitors, organisers, readers, advertisers, members, partners, prospects, etc.) personal information very seriously. Therefore, the personal data concerning our clients are kept in a secure way and treated with the utmost care. This is also true for the personal data concerning suppliers, other stakeholders and any parties in contact with us.<\/li>\n<li>While processing your personal data, Easyfairs International SA\/NV and its affiliated entities respect your right to privacy and will only process your personal information in accordance with applicable data protection laws, which include the General Data Protection Regulation (Regulation 2016\/679) (\u201c<strong>GDPR<\/strong>\u201d), the Directive 2002\/58\/EC concerning the processing of personal data and the protection of privacy in the electronic communications sector (\u201c<strong>ePrivacy Directive<\/strong>\u201d) and the national data protection laws.<\/li>\n<li>This Privacy Policy (the \u201c<strong>Policy<\/strong>\u201d) explains (i) what cookies are placed on your device and for how long, (ii) how you can remove cookies from your device and (iii) what are your rights relating to such cookies.<\/li>\n<li>Contact details of the data controller<\/li>\n<li>Your personal data is processed by the following <strong>Joint Controllers: <\/strong><\/li>\n<\/ul>\n<p>&nbsp;<\/p>\n<ul>\n<li>Easyfairs Nordic AB, with adress \u00c5by Arenav\u00e4g 8A, 431 62 M\u00f6lndal, Sweden<\/li>\n<li>\u2026..<\/li>\n<li>Easyfairs Group SA, with adress Rue Saint-Lambert 135, 1200 WoluweSaint-Lambert, Belgium.<\/li>\n<\/ul>\n<p><strong>(<\/strong>Together<strong> \u201cEasyfairs\u201d, \u201cwe\u201d and \u201cus\u201d)<\/strong><\/p>\n<p><strong>\u00a0<\/strong><\/p>\n<ul>\n<li>If you have any questions about this Cookie Policy, or if you wish to exercise your rights mentioned under paragraph 10, please contact our local Privacy Officer, Goran Bajku\u0161a, either by mail or by email at the following address Easyfairs AB, \u00c5by Arenav\u00e4g 8A, 431 62 M\u00f6lndal or email address <a href=\"mailto:PrivacySE@easyfairs.com\">PrivacySE@easyfairs.com<\/a> according to the procedure described in paragraph 10 of our Privacy Policy.<\/li>\n<li>You can also contact our group Data Protection Officer by e-mail on the following address: <a href=\"mailto:dpo@easyfairs.com\">dpo@easyfairs.com<\/a>.<\/li>\n<li>WHAT are the purpose and legal basis of the data processing?<\/li>\n<\/ul>\n<p>&nbsp;<\/p>\n<ul>\n<li><em>Functional cookies, strictly necessary for the operation of this website<\/em><\/li>\n<\/ul>\n<p><em>\u00a0<\/em><\/p>\n<ul>\n<li>We process functional cookies for the realization of our legitimate interests (Article 6 (1)(f) GDPR), in particular for the following purposes:<\/li>\n<\/ul>\n<p>(a) to measure and to optimize the performance of our website;<\/p>\n<p>(b) to offer a high-performance and adapted interface to the visitors of our digital platforms;<\/p>\n<p>(c) to use your Personal Data within aggregated or anonymized models in order to establish market analyses, for financial management, marketing or reporting or for performing big data analytics or any other type of analytics;<\/p>\n<p>In the cases referred to above, we always strive for maintaining a fair balance between the need to process your Personal Data and the preservation of your rights and freedoms, including the respect for your privacy.<\/p>\n<p>&nbsp;<\/p>\n<ul>\n<li><em>Non-functional cookies<\/em><\/li>\n<li>We process non-functional Cookies with your consent (Article 6 (1)(a) GDPR), in particular for the following purposes:<\/li>\n<\/ul>\n<p>(a) to evaluate and optimize the quality of our online services and the ease of use of our digital platforms in order to provide you with the best possible experience;<\/p>\n<p>(b) establish customer or prospect segments or marketing profiles, for example for targeted marketing;<\/p>\n<ul>\n<li>YOUR RIGHTS IN RELATION TO YOUR PERSONAL DATA<\/li>\n<\/ul>\n<p>As a data subject, you can exercise the following rights in relation to your personal data.<\/p>\n<p>To exercise these rights, please contact our local Privacy Officer, either by mail or by email at the addresses mentioned under paragraph 2.2, enclosing a copy of your identity card, passport or other valid means of identification and your specific request.<\/p>\n<ul>\n<li><strong>Right to access.<\/strong> You may, where permitted by applicable law, request to obtain information whether we process your Personal Data and, where applicable, have access to them.<\/li>\n<li><strong>Right to rectification<\/strong>. You may request that we rectify any inaccurate and\/or complete any incomplete Personal Data free of charge.<\/li>\n<li><strong>Right to withdraw consent.<\/strong> you may, as permitted by applicable law, withdraw your consent relating to cookies at any time. Such withdrawal will not affect the lawfulness of processing based on your previous consent. Please note that if you withdraw your consent, you may not be able to benefit from certain service features for which the processing of your Personal Data is essential.<\/li>\n<li><strong>Right to erasure.<\/strong> You may request that we erase your Personal Data and we will comply, unless there is a lawful reason for not doing so. For example, there may be an overriding legitimate ground for keeping your Personal Data, such as, a legal obligation that we have to comply with, or if retention is necessary for us to comply with our legal obligations.<\/li>\n<li><strong>Right to lodge a complaint with the supervisory authority.<\/strong> You have the right to contact the relevant supervisory authority in case you consider we process your Personal Data unlawfully.<\/li>\n<\/ul>\n<p>&nbsp;<\/p>\n<ul>\n<li>Linked websites<\/li>\n<\/ul>\n<p>&nbsp;<\/p>\n<p>We are not responsible for the privacy policies and practices of other websites even if you accessed the third party website using links from our Website. We recommend that you check the policy of each website you visit and contact the owner or operator of such website if you have concerns or questions.<\/p>\n<ul>\n<li>Changes to our policy<\/li>\n<\/ul>\n<p>We reserve the right to right to amend or modify this Policy without notice to you and if we do so we will post the changes on this page. It is your responsibility to check the Policy every time you submit information to us or place an order.<\/p>\n\t\t\t\t\t\t\t\t<\/div>\n\t\t\t\t<\/div>\n\t\t\t\t\t<\/details>\n\t\t\t\t\t<\/div>\n\t\t\t\t\t\t<\/div>\n\t\t\t\t<div class=\"elementor-element elementor-element-0963355 elementor-widget elementor-widget-iframe-widget\" data-id=\"0963355\" data-element_type=\"widget\" data-widget_type=\"iframe-widget.default\">\n\t\t\t\t<div class=\"elementor-widget-container\">\n\t\t\t\t\t<script type=\"text\/javascript\" charset=\"UTF-8\"  data-cookiescriptreport=\"report\" src=\"\/\/report.cookie-script.com\/r\/83d91befb182cdf7612f42ac29116953.js\"><\/script>\t\t\t\t<\/div>\n\t\t\t\t<\/div>\n\t\t\t\t\t<\/div>\n\t\t<\/div>\n\t\t\t\t\t<\/div>\n\t\t<\/section>\n\t\t\t\t<\/div>\n\t\t","protected":false},"excerpt":{"rendered":"<p>COOKIE POLICY The cookies that we use collect information about your use of the websites and store the information in your device. We do this to ensure our sites function satisfactorily and are easy to use, to enhance your user experience, and present you with relevant offers. Your consent is needed You decide whether you [&hellip;]<\/p>\n","protected":false},"author":1294,"featured_media":0,"parent":0,"menu_order":0,"comment_status":"closed","ping_status":"closed","template":"elementor_header_footer","meta":{"_seopress_robots_primary_cat":"","_seopress_titles_title":"Cookies | Nordic Agro Summit","_seopress_titles_desc":"We use cookies to give you a better experience. Read more about which cookies we use and how you can choose for yourself.","_seopress_robots_index":"","footnotes":""},"class_list":["post-1324","page","type-page","status-publish","hentry"],"_links":{"self":[{"href":"https:\/\/www.nordicagrosummit.se\/en\/wp-json\/wp\/v2\/pages\/1324","targetHints":{"allow":["GET"]}}],"collection":[{"href":"https:\/\/www.nordicagrosummit.se\/en\/wp-json\/wp\/v2\/pages"}],"about":[{"href":"https:\/\/www.nordicagrosummit.se\/en\/wp-json\/wp\/v2\/types\/page"}],"author":[{"embeddable":true,"href":"https:\/\/www.nordicagrosummit.se\/en\/wp-json\/wp\/v2\/users\/1294"}],"replies":[{"embeddable":true,"href":"https:\/\/www.nordicagrosummit.se\/en\/wp-json\/wp\/v2\/comments?post=1324"}],"version-history":[{"count":1,"href":"https:\/\/www.nordicagrosummit.se\/en\/wp-json\/wp\/v2\/pages\/1324\/revisions"}],"predecessor-version":[{"id":1325,"href":"https:\/\/www.nordicagrosummit.se\/en\/wp-json\/wp\/v2\/pages\/1324\/revisions\/1325"}],"wp:attachment":[{"href":"https:\/\/www.nordicagrosummit.se\/en\/wp-json\/wp\/v2\/media?parent=1324"}],"curies":[{"name":"wp","href":"https:\/\/api.w.org\/{rel}","templated":true}]}}